{"id":10,"date":"2024-12-29T02:42:59","date_gmt":"2024-12-29T01:42:59","guid":{"rendered":"https:\/\/contenedores-ocana.com\/?page_id=10"},"modified":"2026-01-28T14:06:37","modified_gmt":"2026-01-28T13:06:37","slug":"nuestro-compromiso","status":"publish","type":"page","link":"https:\/\/contenedores-ocana.com\/index.php\/nuestro-compromiso\/","title":{"rendered":"Nuestro compromiso"},"content":{"rendered":"<p><span dir=\"auto\" style=\"vertical-align: inherit;\"><span dir=\"auto\" style=\"vertical-align: inherit;\">Chez <\/span><\/span><strong><span dir=\"auto\" style=\"vertical-align: inherit;\"><span dir=\"auto\" style=\"vertical-align: inherit;\">CONTENEDORES OCA\u00d1A SL<br \/><\/span><\/span><\/strong><span dir=\"auto\" style=\"vertical-align: inherit;\"><span dir=\"auto\" style=\"vertical-align: inherit;\">\u00a0, nous nous effor\u00e7ons d&#8217;avoir les normes de qualit\u00e9 les plus avanc\u00e9es.<\/span><\/span><\/p><p><span dir=\"auto\" style=\"vertical-align: inherit;\"><span dir=\"auto\" style=\"vertical-align: inherit;\">Voici <\/span><\/span><strong><span dir=\"auto\" style=\"vertical-align: inherit;\"><span dir=\"auto\" style=\"vertical-align: inherit;\">nos 10 engagements envers nos clients<\/span><\/span><\/strong><span dir=\"auto\" style=\"vertical-align: inherit;\"><span dir=\"auto\" style=\"vertical-align: inherit;\"> et notre \u00e9quipe de collaborateurs\u00a0:<\/span><\/span><\/p><p><strong><span dir=\"auto\" style=\"vertical-align: inherit;\"><span dir=\"auto\" style=\"vertical-align: inherit;\">1. Produits de qualit\u00e9\u00a0:<\/span><\/span><\/strong><br \/><span dir=\"auto\" style=\"vertical-align: inherit;\"><span dir=\"auto\" style=\"vertical-align: inherit;\"> Tous nos produits sont rigoureusement s\u00e9lectionn\u00e9s afin de garantir leur conformit\u00e9 aux normes de qualit\u00e9 attendues par nos clients. Nous collaborons avec les meilleurs fournisseurs et fabricants pour proposer des produits durables, fiables et de haute qualit\u00e9.<\/span><\/span><\/p><p><strong><span dir=\"auto\" style=\"vertical-align: inherit;\"><span dir=\"auto\" style=\"vertical-align: inherit;\">2. Prix comp\u00e9titifs\u00a0:<\/span><\/span><\/strong><br \/><span dir=\"auto\" style=\"vertical-align: inherit;\"><span dir=\"auto\" style=\"vertical-align: inherit;\"> Chez <\/span><\/span><strong><span dir=\"auto\" style=\"vertical-align: inherit;\"><span dir=\"auto\" style=\"vertical-align: inherit;\">CONTENEDORES OCA\u00d1A SL<br \/><\/span><\/span><\/strong><span dir=\"auto\" style=\"vertical-align: inherit;\"><span dir=\"auto\" style=\"vertical-align: inherit;\">\u00a0, nous souhaitons que nos clients b\u00e9n\u00e9ficient du meilleur rapport qualit\u00e9-prix. C\u2019est pourquoi nous nous effor\u00e7ons de proposer des prix comp\u00e9titifs et transparents sur tous nos produits.<\/span><\/span><\/p><p><strong><span dir=\"auto\" style=\"vertical-align: inherit;\"><span dir=\"auto\" style=\"vertical-align: inherit;\">3. Un service client exceptionnel\u00a0:<\/span><\/span><\/strong><br \/><span dir=\"auto\" style=\"vertical-align: inherit;\"><span dir=\"auto\" style=\"vertical-align: inherit;\"> Notre \u00e9quipe du service client est l\u00e0 pour vous aider \u00e0 r\u00e9pondre \u00e0 tous vos besoins. Nous veillons \u00e0 ce que nos clients b\u00e9n\u00e9ficient d\u2019une attention personnalis\u00e9e et chaleureuse en toutes circonstances.<\/span><\/span><\/p><p><strong><span dir=\"auto\" style=\"vertical-align: inherit;\"><span dir=\"auto\" style=\"vertical-align: inherit;\">4. Prendre soin de nos collaborateurs et partenaires :<\/span><\/span><\/strong><br \/><span dir=\"auto\" style=\"vertical-align: inherit;\"><span dir=\"auto\" style=\"vertical-align: inherit;\"> Chez <\/span><\/span><strong><span dir=\"auto\" style=\"vertical-align: inherit;\"><span dir=\"auto\" style=\"vertical-align: inherit;\">CONTENEDORES OCA\u00d1A SL<br \/><\/span><\/span><\/strong><span dir=\"auto\" style=\"vertical-align: inherit;\"><span dir=\"auto\" style=\"vertical-align: inherit;\">\u00a0, nous sommes convaincus que notre succ\u00e8s repose en grande partie sur le d\u00e9vouement et l&#8217;engagement de nos collaborateurs et partenaires. Nous nous engageons \u00e0 leur offrir un environnement de travail s\u00fbr et sain et \u00e0 les traiter avec respect et dignit\u00e9 \u00e0 chaque \u00e9tape de leur collaboration avec nous. De plus, nous nous effor\u00e7ons d&#8217;\u00e9tablir des relations de collaboration \u00e0 long terme avec nos collaborateurs afin de garantir une communication fluide et une synergie efficace dans tous nos projets communs.<\/span><\/span><\/p><p><strong><span dir=\"auto\" style=\"vertical-align: inherit;\"><span dir=\"auto\" style=\"vertical-align: inherit;\">5. Livraison rapide et s\u00e9curis\u00e9e\u00a0:<\/span><\/span><\/strong><br \/><span dir=\"auto\" style=\"vertical-align: inherit;\"><span dir=\"auto\" style=\"vertical-align: inherit;\"> Nous collaborons avec les meilleurs transporteurs afin de garantir que vos produits vous parviennent dans les meilleurs d\u00e9lais et en parfait \u00e9tat. Nous veillons \u00e0 la s\u00e9curit\u00e9 de vos envois et vous tenons inform\u00e9(e) en permanence de l\u2019\u00e9tat de votre commande.<\/span><\/span><\/p><p><strong><span dir=\"auto\" style=\"vertical-align: inherit;\"><span dir=\"auto\" style=\"vertical-align: inherit;\">6. Le Campus <\/span><\/span><strong><span dir=\"auto\" style=\"vertical-align: inherit;\"><span dir=\"auto\" style=\"vertical-align: inherit;\">CONTENEDORES OCA\u00d1A SL<br \/><\/span><\/span><\/strong><span dir=\"auto\" style=\"vertical-align: inherit;\"><span dir=\"auto\" style=\"vertical-align: inherit;\">\u00a0:<\/span><\/span><\/strong><br \/><span dir=\"auto\" style=\"vertical-align: inherit;\"><span dir=\"auto\" style=\"vertical-align: inherit;\"> Formation pour les propri\u00e9taires de piscines : Nous veillons \u00e0 ce que les propri\u00e9taires de piscines aient acc\u00e8s aux informations et aux outils n\u00e9cessaires pour entretenir leurs piscines de mani\u00e8re efficace et s\u00e9curis\u00e9e. C\u2019est pourquoi nous avons cr\u00e9\u00e9 le Campus <\/span><\/span><strong><span dir=\"auto\" style=\"vertical-align: inherit;\"><span dir=\"auto\" style=\"vertical-align: inherit;\">CONTENEDORES OCA\u00d1A SL<br \/><\/span><\/span><\/strong><span dir=\"auto\" style=\"vertical-align: inherit;\"><span dir=\"auto\" style=\"vertical-align: inherit;\">, une plateforme de formation et de conseil o\u00f9 nos clients peuvent acc\u00e9der \u00e0 des informations sp\u00e9cifiques sur l\u2019entretien de leur piscine ou de leur spa.<\/span><\/span><\/p><p><strong><span dir=\"auto\" style=\"vertical-align: inherit;\"><span dir=\"auto\" style=\"vertical-align: inherit;\">7. Transparence et s\u00e9curit\u00e9 du processus d&#8217;achat\u00a0:<\/span><\/span><\/strong><br \/><span dir=\"auto\" style=\"vertical-align: inherit;\"><span dir=\"auto\" style=\"vertical-align: inherit;\"> Nous souhaitons que nos clients se sentent en s\u00e9curit\u00e9 lorsqu&#8217;ils font leurs achats sur notre site web. C&#8217;est pourquoi nous nous engageons \u00e0 offrir un processus d&#8217;achat transparent et s\u00e9curis\u00e9 et \u00e0 prot\u00e9ger les informations personnelles de nos clients en toutes circonstances.<\/span><\/span><\/p><p><strong><span dir=\"auto\" style=\"vertical-align: inherit;\"><span dir=\"auto\" style=\"vertical-align: inherit;\">8. Engagement environnemental\u00a0:<\/span><\/span><\/strong><br \/><span dir=\"auto\" style=\"vertical-align: inherit;\"><span dir=\"auto\" style=\"vertical-align: inherit;\"> Nous sommes soucieux de l\u2019impact de nos activit\u00e9s sur l\u2019environnement. C\u2019est pourquoi nous nous engageons \u00e0 collaborer avec des fournisseurs et des fabricants qui partagent nos valeurs de d\u00e9veloppement durable et \u00e0 mettre en \u0153uvre des pratiques durables au sein de notre entreprise chaque fois que cela est possible. Nous encourageons activement les solutions d\u2019\u00e9conomie d\u2019eau et d\u2019\u00e9nergie pour les produits de piscine.<\/span><\/span><\/p><p><strong><span dir=\"auto\" style=\"vertical-align: inherit;\"><span dir=\"auto\" style=\"vertical-align: inherit;\">9. Innovation constante :<\/span><\/span><\/strong><br \/><span dir=\"auto\" style=\"vertical-align: inherit;\"><span dir=\"auto\" style=\"vertical-align: inherit;\"> Chez <\/span><\/span><strong><span dir=\"auto\" style=\"vertical-align: inherit;\"><span dir=\"auto\" style=\"vertical-align: inherit;\">CONTENEDORES OCA\u00d1A SL<br \/><\/span><\/span><\/strong><span dir=\"auto\" style=\"vertical-align: inherit;\"><span dir=\"auto\" style=\"vertical-align: inherit;\">\u00a0nous nous effor\u00e7ons d&#8217;\u00eatre toujours \u00e0 la pointe des derni\u00e8res tendances et technologies de notre secteur. Nous nous engageons \u00e0 rechercher et \u00e0 int\u00e9grer en permanence de nouveaux produits et des solutions innovantes qui r\u00e9pondent aux besoins et aux attentes de nos clients.<\/span><\/span><\/p><p><strong><span dir=\"auto\" style=\"vertical-align: inherit;\"><span dir=\"auto\" style=\"vertical-align: inherit;\">10. Exp\u00e9rience utilisateur exceptionnelle\u00a0:<\/span><\/span><\/strong><br \/><span dir=\"auto\" style=\"vertical-align: inherit;\"><span dir=\"auto\" style=\"vertical-align: inherit;\"> Nous accordons une importance primordiale \u00e0 l\u2019exp\u00e9rience utilisateur de nos clients sur notre site web et \u00e0 chaque interaction avec notre marque. Nous nous engageons \u00e0 leur offrir une navigation intuitive et conviviale, une communication claire et un accompagnement personnalis\u00e9 sur tous les canaux.<\/span><\/span><\/p><p><span dir=\"auto\" style=\"vertical-align: inherit;\"><span dir=\"auto\" style=\"vertical-align: inherit;\">Chez <\/span><\/span><strong><span dir=\"auto\" style=\"vertical-align: inherit;\"><span dir=\"auto\" style=\"vertical-align: inherit;\">CONTENEDORES OCA\u00d1A SL<br \/>,<\/span><\/span><\/strong><span dir=\"auto\" style=\"vertical-align: inherit;\"><span dir=\"auto\" style=\"vertical-align: inherit;\"> nous mettons tout en \u0153uvre pour offrir \u00e0 nos clients une exp\u00e9rience d&#8217;achat exceptionnelle et une relation de confiance durable. Nous sommes toujours \u00e0 votre \u00e9coute et pr\u00eats \u00e0 am\u00e9liorer constamment nos services.<\/span><\/span><\/p><p><span dir=\"auto\" style=\"vertical-align: inherit;\"><span dir=\"auto\" style=\"vertical-align: inherit;\">Merci de votre confiance !<\/span><\/span><\/p>","protected":false},"excerpt":{"rendered":"<p>Chez CONTENEDORES OCA\u00d1A SL\u00a0, nous nous effor\u00e7ons d&#8217;avoir les normes de qualit\u00e9 les plus avanc\u00e9es. Voici nos 10 engagements envers<\/p>\n","protected":false},"author":1,"featured_media":0,"parent":0,"menu_order":0,"comment_status":"closed","ping_status":"closed","template":"","meta":{"footnotes":""},"class_list":["post-10","page","type-page","status-publish","hentry"],"_links":{"self":[{"href":"https:\/\/contenedores-ocana.com\/index.php\/wp-json\/wp\/v2\/pages\/10","targetHints":{"allow":["GET"]}}],"collection":[{"href":"https:\/\/contenedores-ocana.com\/index.php\/wp-json\/wp\/v2\/pages"}],"about":[{"href":"https:\/\/contenedores-ocana.com\/index.php\/wp-json\/wp\/v2\/types\/page"}],"author":[{"embeddable":true,"href":"https:\/\/contenedores-ocana.com\/index.php\/wp-json\/wp\/v2\/users\/1"}],"replies":[{"embeddable":true,"href":"https:\/\/contenedores-ocana.com\/index.php\/wp-json\/wp\/v2\/comments?post=10"}],"version-history":[{"count":3,"href":"https:\/\/contenedores-ocana.com\/index.php\/wp-json\/wp\/v2\/pages\/10\/revisions"}],"predecessor-version":[{"id":3532,"href":"https:\/\/contenedores-ocana.com\/index.php\/wp-json\/wp\/v2\/pages\/10\/revisions\/3532"}],"wp:attachment":[{"href":"https:\/\/contenedores-ocana.com\/index.php\/wp-json\/wp\/v2\/media?parent=10"}],"curies":[{"name":"wp","href":"https:\/\/api.w.org\/{rel}","templated":true}]}}